{"id":15587,"date":"2023-09-27T21:27:57","date_gmt":"2023-09-27T19:27:57","guid":{"rendered":"https:\/\/hopeformations.fr\/?page_id=15587"},"modified":"2026-01-23T09:04:46","modified_gmt":"2026-01-23T08:04:46","slug":"cgv-et-reglement-interieur","status":"publish","type":"page","link":"https:\/\/hopeformations.fr\/index.php\/cgv-et-reglement-interieur\/","title":{"rendered":"CGV et R\u00e8glement int\u00e9rieur"},"content":{"rendered":"<section class=\"wpb-content-wrapper\"><p>[vc_row][vc_column width=&#8221;2\/3&#8243;][vc_single_image image=&#8221;16189&#8243; img_size=&#8221;700&#215;550&#8243; style=&#8221;vc_box_shadow_circle&#8221; css_animation=&#8221;bounceIn&#8221;][\/vc_column][vc_column width=&#8221;1\/3&#8243;][vc_column_text]<\/p>\n<h1 style=\"text-align: justify;\">CGV et R\u00e8glement int\u00e9rieur<\/h1>\n<p>&nbsp;<\/p>\n<p style=\"text-align: justify;\">Bienvenue chez <strong>HOPE FORMATIONS<\/strong>, votre partenaire de confiance pour l&#8217;acquisition de comp\u00e9tences professionnelles de haute qualit\u00e9. Nous comprenons que vous souhaitez en savoir plus sur nos r\u00e8gles internes et nos conditions g\u00e9n\u00e9rales de vente afin de garantir une exp\u00e9rience d&#8217;apprentissage sans tracas. Vous \u00eates au bon endroit pour obtenir toutes les informations n\u00e9cessaires.<\/p>\n<p style=\"text-align: justify;\">Pour acc\u00e9der \u00e0 nos R\u00e8glements int\u00e9rieurs ainsi qu&#8217;aux Conditions G\u00e9n\u00e9rales de Vente de notre organisme de formation professionnelle, il vous suffit de cliquer sur les boutons ci-dessous.<\/p>\n<p>&nbsp;<\/p>\n<p class=\"has-text-align-center\"><\/p>\n<div style=\"display: flex; gap: 30px; justify-content: center; margin-top: 20px;\">\n<form action=\"https:\/\/hopeformations.fr\/wp-content\/uploads\/2026\/01\/Reglement-interieur.pdf#toolbar=0\" method=\"get\" target=\"_blank\"><button style=\"color: white; font-size: 18px; background-color: #f59c00; padding: 13px; border: none; border-radius: 5px; cursor: pointer; width: 100%;\" type=\"submit\">REGLEMENT INTERIEUR<\/button><\/form>\n<form action=\"https:\/\/hopeformations.fr\/wp-content\/uploads\/2026\/01\/CGV-HOPE-FORMATIONS.pdf#toolbar=0\" method=\"get\" target=\"_blank\"><button style=\"color: white; font-size: 18px; background-color: #f59c00; padding: 13px; border: none; border-radius: 5px; cursor: pointer; width: 100%;\" type=\"submit\">CONDITIONS GENERALES DE VENTE<\/button><\/form>\n<\/div>\n<p>[\/vc_column_text][\/vc_column][\/vc_row]<\/p>\n<!-- \/wp:post-content --><\/section>","protected":false},"excerpt":{"rendered":"<p>[vc_row][vc_column width=&#8221;2\/3&#8243;][vc_single_image image=&#8221;16189&#8243; img_size=&#8221;700&#215;550&#8243; style=&#8221;vc_box_shadow_circle&#8221; css_animation=&#8221;bounceIn&#8221;][\/vc_column][vc_column width=&#8221;1\/3&#8243;][vc_column_text] CGV et R\u00e8glement int\u00e9rieur &nbsp; Bienvenue chez HOPE FORMATIONS, votre partenaire de confiance [&hellip;]<\/p>\n","protected":false},"author":1,"featured_media":0,"parent":0,"menu_order":0,"comment_status":"closed","ping_status":"closed","template":"","meta":{"_bbp_topic_count":0,"_bbp_reply_count":0,"_bbp_total_topic_count":0,"_bbp_total_reply_count":0,"_bbp_voice_count":0,"_bbp_anonymous_reply_count":0,"_bbp_topic_count_hidden":0,"_bbp_reply_count_hidden":0,"_bbp_forum_subforum_count":0,"footnotes":""},"class_list":["post-15587","page","type-page","status-publish","hentry"],"yoast_head":"<!-- This site is optimized with the Yoast SEO plugin v24.2 - https:\/\/yoast.com\/wordpress\/plugins\/seo\/ -->\n<title>CGV et R\u00e8glement int\u00e9rieur | Organisme de formation pour adulte<\/title>\n<meta name=\"description\" content=\"Organisme de formation d\u00e9di\u00e9 aux m\u00e9tiers d&#039;avenir tels que l&#039;\u00e9lectricit\u00e9 - la fibre optique - l&#039;informatique - l&#039;IRVE - Et les habilitations \u00e9lectriques, AIPR et SST\" \/>\n<meta name=\"robots\" content=\"index, follow, max-snippet:-1, max-image-preview:large, max-video-preview:-1\" \/>\n<link rel=\"canonical\" href=\"https:\/\/hopeformations.fr\/index.php\/cgv-et-reglement-interieur\/\" \/>\n<meta property=\"og:locale\" content=\"fr_FR\" \/>\n<meta property=\"og:type\" content=\"article\" \/>\n<meta property=\"og:title\" content=\"CGV et R\u00e8glement int\u00e9rieur | Organisme de formation pour adulte\" \/>\n<meta property=\"og:description\" content=\"Organisme de formation d\u00e9di\u00e9 aux m\u00e9tiers d&#039;avenir tels que l&#039;\u00e9lectricit\u00e9 - la fibre optique - l&#039;informatique - l&#039;IRVE - Et les habilitations \u00e9lectriques, AIPR et SST\" \/>\n<meta property=\"og:url\" content=\"https:\/\/hopeformations.fr\/index.php\/cgv-et-reglement-interieur\/\" \/>\n<meta property=\"og:site_name\" content=\"Hope formations\" \/>\n<meta property=\"article:modified_time\" content=\"2026-01-23T08:04:46+00:00\" \/>\n<meta property=\"og:image\" content=\"https:\/\/hopeformations.fr\/wp-content\/uploads\/2022\/11\/Hope-Formations-Logo.png\" \/>\n\t<meta property=\"og:image:width\" content=\"1699\" \/>\n\t<meta property=\"og:image:height\" content=\"696\" \/>\n\t<meta property=\"og:image:type\" content=\"image\/png\" \/>\n<meta name=\"twitter:card\" content=\"summary_large_image\" \/>\n<meta name=\"twitter:label1\" content=\"Dur\u00e9e de lecture estim\u00e9e\" \/>\n\t<meta name=\"twitter:data1\" content=\"1 minute\" \/>\n<script type=\"application\/ld+json\" class=\"yoast-schema-graph\">{\"@context\":\"https:\/\/schema.org\",\"@graph\":[{\"@type\":\"WebPage\",\"@id\":\"https:\/\/hopeformations.fr\/index.php\/cgv-et-reglement-interieur\/\",\"url\":\"https:\/\/hopeformations.fr\/index.php\/cgv-et-reglement-interieur\/\",\"name\":\"CGV et R\u00e8glement int\u00e9rieur | Organisme de formation pour adulte\",\"isPartOf\":{\"@id\":\"https:\/\/hopeformations.fr\/#website\"},\"datePublished\":\"2023-09-27T19:27:57+00:00\",\"dateModified\":\"2026-01-23T08:04:46+00:00\",\"description\":\"Organisme de formation d\u00e9di\u00e9 aux m\u00e9tiers d'avenir tels que l'\u00e9lectricit\u00e9 - la fibre optique - l'informatique - l'IRVE - Et les habilitations \u00e9lectriques, AIPR et SST\",\"breadcrumb\":{\"@id\":\"https:\/\/hopeformations.fr\/index.php\/cgv-et-reglement-interieur\/#breadcrumb\"},\"inLanguage\":\"fr-FR\",\"potentialAction\":[{\"@type\":\"ReadAction\",\"target\":[\"https:\/\/hopeformations.fr\/index.php\/cgv-et-reglement-interieur\/\"]}]},{\"@type\":\"BreadcrumbList\",\"@id\":\"https:\/\/hopeformations.fr\/index.php\/cgv-et-reglement-interieur\/#breadcrumb\",\"itemListElement\":[{\"@type\":\"ListItem\",\"position\":1,\"name\":\"Accueil\",\"item\":\"https:\/\/hopeformations.fr\/\"},{\"@type\":\"ListItem\",\"position\":2,\"name\":\"CGV et R\u00e8glement int\u00e9rieur\"}]},{\"@type\":\"WebSite\",\"@id\":\"https:\/\/hopeformations.fr\/#website\",\"url\":\"https:\/\/hopeformations.fr\/\",\"name\":\"hopeformations.fr\",\"description\":\"Organisme de formation pour adulte\",\"publisher\":{\"@id\":\"https:\/\/hopeformations.fr\/#organization\"},\"potentialAction\":[{\"@type\":\"SearchAction\",\"target\":{\"@type\":\"EntryPoint\",\"urlTemplate\":\"https:\/\/hopeformations.fr\/?s={search_term_string}\"},\"query-input\":{\"@type\":\"PropertyValueSpecification\",\"valueRequired\":true,\"valueName\":\"search_term_string\"}}],\"inLanguage\":\"fr-FR\"},{\"@type\":\"Organization\",\"@id\":\"https:\/\/hopeformations.fr\/#organization\",\"name\":\"Hope formations\",\"url\":\"https:\/\/hopeformations.fr\/\",\"logo\":{\"@type\":\"ImageObject\",\"inLanguage\":\"fr-FR\",\"@id\":\"https:\/\/hopeformations.fr\/#\/schema\/logo\/image\/\",\"url\":\"https:\/\/hopeformations.fr\/wp-content\/uploads\/2022\/11\/cropped-Favicon.png\",\"contentUrl\":\"https:\/\/hopeformations.fr\/wp-content\/uploads\/2022\/11\/cropped-Favicon.png\",\"width\":512,\"height\":512,\"caption\":\"Hope formations\"},\"image\":{\"@id\":\"https:\/\/hopeformations.fr\/#\/schema\/logo\/image\/\"}}]}<\/script>\n<!-- \/ Yoast SEO plugin. -->","yoast_head_json":{"title":"CGV et R\u00e8glement int\u00e9rieur | Organisme de formation pour adulte","description":"Organisme de formation d\u00e9di\u00e9 aux m\u00e9tiers d'avenir tels que l'\u00e9lectricit\u00e9 - la fibre optique - l'informatique - l'IRVE - Et les habilitations \u00e9lectriques, AIPR et SST","robots":{"index":"index","follow":"follow","max-snippet":"max-snippet:-1","max-image-preview":"max-image-preview:large","max-video-preview":"max-video-preview:-1"},"canonical":"https:\/\/hopeformations.fr\/index.php\/cgv-et-reglement-interieur\/","og_locale":"fr_FR","og_type":"article","og_title":"CGV et R\u00e8glement int\u00e9rieur | Organisme de formation pour adulte","og_description":"Organisme de formation d\u00e9di\u00e9 aux m\u00e9tiers d'avenir tels que l'\u00e9lectricit\u00e9 - la fibre optique - l'informatique - l'IRVE - Et les habilitations \u00e9lectriques, AIPR et SST","og_url":"https:\/\/hopeformations.fr\/index.php\/cgv-et-reglement-interieur\/","og_site_name":"Hope formations","article_modified_time":"2026-01-23T08:04:46+00:00","og_image":[{"width":1699,"height":696,"url":"https:\/\/hopeformations.fr\/wp-content\/uploads\/2022\/11\/Hope-Formations-Logo.png","type":"image\/png"}],"twitter_card":"summary_large_image","twitter_misc":{"Dur\u00e9e de lecture estim\u00e9e":"1 minute"},"schema":{"@context":"https:\/\/schema.org","@graph":[{"@type":"WebPage","@id":"https:\/\/hopeformations.fr\/index.php\/cgv-et-reglement-interieur\/","url":"https:\/\/hopeformations.fr\/index.php\/cgv-et-reglement-interieur\/","name":"CGV et R\u00e8glement int\u00e9rieur | Organisme de formation pour adulte","isPartOf":{"@id":"https:\/\/hopeformations.fr\/#website"},"datePublished":"2023-09-27T19:27:57+00:00","dateModified":"2026-01-23T08:04:46+00:00","description":"Organisme de formation d\u00e9di\u00e9 aux m\u00e9tiers d'avenir tels que l'\u00e9lectricit\u00e9 - la fibre optique - l'informatique - l'IRVE - Et les habilitations \u00e9lectriques, AIPR et SST","breadcrumb":{"@id":"https:\/\/hopeformations.fr\/index.php\/cgv-et-reglement-interieur\/#breadcrumb"},"inLanguage":"fr-FR","potentialAction":[{"@type":"ReadAction","target":["https:\/\/hopeformations.fr\/index.php\/cgv-et-reglement-interieur\/"]}]},{"@type":"BreadcrumbList","@id":"https:\/\/hopeformations.fr\/index.php\/cgv-et-reglement-interieur\/#breadcrumb","itemListElement":[{"@type":"ListItem","position":1,"name":"Accueil","item":"https:\/\/hopeformations.fr\/"},{"@type":"ListItem","position":2,"name":"CGV et R\u00e8glement int\u00e9rieur"}]},{"@type":"WebSite","@id":"https:\/\/hopeformations.fr\/#website","url":"https:\/\/hopeformations.fr\/","name":"hopeformations.fr","description":"Organisme de formation pour adulte","publisher":{"@id":"https:\/\/hopeformations.fr\/#organization"},"potentialAction":[{"@type":"SearchAction","target":{"@type":"EntryPoint","urlTemplate":"https:\/\/hopeformations.fr\/?s={search_term_string}"},"query-input":{"@type":"PropertyValueSpecification","valueRequired":true,"valueName":"search_term_string"}}],"inLanguage":"fr-FR"},{"@type":"Organization","@id":"https:\/\/hopeformations.fr\/#organization","name":"Hope formations","url":"https:\/\/hopeformations.fr\/","logo":{"@type":"ImageObject","inLanguage":"fr-FR","@id":"https:\/\/hopeformations.fr\/#\/schema\/logo\/image\/","url":"https:\/\/hopeformations.fr\/wp-content\/uploads\/2022\/11\/cropped-Favicon.png","contentUrl":"https:\/\/hopeformations.fr\/wp-content\/uploads\/2022\/11\/cropped-Favicon.png","width":512,"height":512,"caption":"Hope formations"},"image":{"@id":"https:\/\/hopeformations.fr\/#\/schema\/logo\/image\/"}}]}},"_links":{"self":[{"href":"https:\/\/hopeformations.fr\/index.php\/wp-json\/wp\/v2\/pages\/15587","targetHints":{"allow":["GET"]}}],"collection":[{"href":"https:\/\/hopeformations.fr\/index.php\/wp-json\/wp\/v2\/pages"}],"about":[{"href":"https:\/\/hopeformations.fr\/index.php\/wp-json\/wp\/v2\/types\/page"}],"author":[{"embeddable":true,"href":"https:\/\/hopeformations.fr\/index.php\/wp-json\/wp\/v2\/users\/1"}],"replies":[{"embeddable":true,"href":"https:\/\/hopeformations.fr\/index.php\/wp-json\/wp\/v2\/comments?post=15587"}],"version-history":[{"count":32,"href":"https:\/\/hopeformations.fr\/index.php\/wp-json\/wp\/v2\/pages\/15587\/revisions"}],"predecessor-version":[{"id":16871,"href":"https:\/\/hopeformations.fr\/index.php\/wp-json\/wp\/v2\/pages\/15587\/revisions\/16871"}],"wp:attachment":[{"href":"https:\/\/hopeformations.fr\/index.php\/wp-json\/wp\/v2\/media?parent=15587"}],"curies":[{"name":"wp","href":"https:\/\/api.w.org\/{rel}","templated":true}]}}